{"id":2759,"date":"2026-02-17T15:23:17","date_gmt":"2026-02-17T14:23:17","guid":{"rendered":"https:\/\/www.campinglapierredelaigle.fr\/events-and-groups\/"},"modified":"2026-02-17T15:23:17","modified_gmt":"2026-02-17T14:23:17","slug":"events-and-groups","status":"publish","type":"page","link":"https:\/\/www.campinglapierredelaigle.fr\/en\/events-and-groups\/","title":{"rendered":"Events and Groups"},"content":{"rendered":"<section class=\"wpb-content-wrapper\"><p>[vc_row full_width=&#8221;stretch_row&#8221; content_placement=&#8221;middle&#8221; hide_bg_image_on_tablet=&#8221;&#8221; hide_bg_image_on_mobile=&#8221;&#8221; row_delimiter=&#8221;&#8221; hide_on_desktop=&#8221;&#8221; hide_on_notebook=&#8221;&#8221; hide_on_tablet=&#8221;&#8221; hide_on_mobile=&#8221;&#8221; hide_on_frontpage=&#8221;&#8221;][vc_column width=&#8221;1\/2&#8243; hide_bg_image_on_tablet=&#8221;&#8221; hide_bg_image_on_mobile=&#8221;&#8221; icons_position=&#8221;left&#8221; css=&#8221;.vc_custom_1511261197732{padding-right: 4px !important;padding-left: 4px !important;}&#8221;]<div id=\"sc_content_632268836\"\r\n\t\tclass=\"sc_content color_style_default sc_content_default sc_float_center sc_margin_small sc_shift_x_small_negative\"><div class=\"sc_content_container\">[vc_single_image image=&#8221;1276&#8243; img_size=&#8221;full&#8221; alignment=&#8221;center&#8221; style=&#8221;vc_box_circle_2&#8243; css_animation=&#8221;fadeInLeft&#8221;]<\/div><\/div><!-- \/.sc_content -->[\/vc_column][vc_column width=&#8221;1\/2&#8243; icons_position=&#8221;left&#8221;][vc_row_inner][vc_column_inner width=&#8221;11\/12&#8243; icons_position=&#8221;left&#8221;][vc_empty_space height=&#8221;3em&#8221; alter_height=&#8221;none&#8221; hide_on_desktop=&#8221;&#8221; hide_on_notebook=&#8221;&#8221; hide_on_tablet=&#8221;&#8221; hide_on_mobile=&#8221;&#8221;][vc_column_text]<\/p>\n<div class=\"sur_titre2\">between lake and mountains&#8230;<\/div>\n<p>[\/vc_column_text]<div id=\"sc_title_1993278992\"\r\n\t\tclass=\"sc_title color_style_link3 sc_title_default\"><h1 class=\"sc_item_title sc_title_title sc_align_left sc_item_title_style_default sc_item_title_tag\">Events and GroupsGive your events a new dimension<\/h1><\/div><!-- \/.sc_title -->[vc_empty_space height=&#8221;2.4em&#8221; alter_height=&#8221;none&#8221; hide_on_desktop=&#8221;&#8221; hide_on_notebook=&#8221;&#8221; hide_on_tablet=&#8221;&#8221; hide_on_mobile=&#8221;&#8221;][vc_column_text]<\/p>\n<p data-path-to-node=\"5\">We believe that the most precious moments deserve a setting worthy of them. Perched on the heights of Serre-Pon\u00e7on, our establishment not only offers a breathtaking panoramic view; it becomes the stage for your most beautiful projects. <\/p>\n<p data-path-to-node=\"6\">Whether you are an individual looking for an authentic venue for a family celebration, or an organizer of sports and professional trips, we put our expertise and infrastructure at your service.<\/p>\n<p data-path-to-node=\"6\">Our strength? Combining the freedom of an outdoor stay with the comfort of expertly managed organization. Flexible spaces, diverse accommodation options, and a pristine natural setting: all the ingredients are here to guarantee the success of your events. Venture off the beaten path and offer your guests an immersive experience in the heart of the Southern Alps.   <\/p>\n<p>[\/vc_column_text][vc_empty_space height=&#8221;2.2em&#8221; alter_height=&#8221;none&#8221; hide_on_desktop=&#8221;&#8221; hide_on_notebook=&#8221;&#8221; hide_on_tablet=&#8221;&#8221; hide_on_mobile=&#8221;1&#8243;][\/vc_column_inner][vc_column_inner width=&#8221;1\/12&#8243; icons_position=&#8221;left&#8221;][\/vc_column_inner][\/vc_row_inner][\/vc_column][\/vc_row][vc_row full_width=&#8221;stretch_row&#8221; hide_bg_image_on_tablet=&#8221;&#8221; hide_bg_image_on_mobile=&#8221;&#8221; css=&#8221;.vc_custom_1684846268531{background-image: url(https:\/\/dev.campinglapierredelaigle.fr\/wp-content\/uploads\/2023\/04\/Fichier-3bg.png?id=785) !important;background-position: center left !important;background-repeat: no-repeat !important;background-size: cover !important;}&#8221;][vc_column][vc_empty_space height=&#8221;2em&#8221; alter_height=&#8221;none&#8221; hide_on_desktop=&#8221;&#8221; hide_on_notebook=&#8221;&#8221; hide_on_tablet=&#8221;&#8221; hide_on_mobile=&#8221;&#8221;][vc_empty_space height=&#8221;1.6em&#8221; alter_height=&#8221;none&#8221; hide_on_desktop=&#8221;&#8221; hide_on_notebook=&#8221;&#8221; hide_on_tablet=&#8221;&#8221; hide_on_mobile=&#8221;1&#8243;]<div id=\"sc_title_274562820\"\r\n\t\tclass=\"sc_title color_style_link3 sc_title_default\"><h2 class=\"sc_item_title sc_title_title sc_align_center sc_item_title_style_default sc_item_title_tag\">S\u00e9jours \u00e0 th\u00e8mes<\/h2><\/div><!-- \/.sc_title -->[vc_empty_space height=&#8221;1.9rem&#8221; alter_height=&#8221;none&#8221; hide_on_desktop=&#8221;&#8221; hide_on_notebook=&#8221;&#8221; hide_on_tablet=&#8221;&#8221; hide_on_mobile=&#8221;&#8221;]<div  id=\"sc_price_121960536\" \n\tclass=\"sc_price color_style_default scheme_default sc_price_default\"><div class=\"sc_price_columns_wrap sc_item_columns trx_addons_columns_wrap columns_padding_bottom\"><div class=\"trx_addons_column-1_3\"><div class=\"sc_price_item sc_price_item_default\">\n\t\t\t<div class=\"sc_price_item_image\"><img loading=\"lazy\" decoding=\"async\" src=\"https:\/\/www.campinglapierredelaigle.fr\/wp-content\/uploads\/2026\/02\/mariages.jpg\" alt=\"mariages.jpg\" width=\"600\" height=\"600\"><\/div><div class=\"sc_price_item_info\"><h6 class=\"sc_price_item_subtitle\"><span>C\u00e9l\u00e9brez en toute libert\u00e9<\/span><\/h6><h3 class=\"sc_price_item_title\"><span>Mariages &amp; Cousinades<\/span><\/h3><div class=\"sc_price_item_details\"><p class=\"description\">\n<strong>Le bonheur au sommet.<\/strong>  <br>Imaginez \u00e9changer vos v\u0153ux ou r\u00e9unir votre famille face au panorama grandiose du Grand Morgon. <br><br>Nous vous accompagnons dans l'organisation de vos <strong>f\u00eates priv\u00e9es<\/strong> en vous proposant des solutions d'h\u00e9bergement modulables et des espaces de r\u00e9ception conviviaux. Un <strong>cadre authentique<\/strong> pour des c\u00e9l\u00e9brations qui vous ressemblent.\n<\/p><\/div><\/div><!-- \/.sc_price_item_info --><\/div><\/div><div class=\"trx_addons_column-1_3\"><div class=\"sc_price_item sc_price_item_default\">\n\t\t\t<div class=\"sc_price_item_image\"><img loading=\"lazy\" decoding=\"async\" src=\"https:\/\/www.campinglapierredelaigle.fr\/wp-content\/uploads\/2026\/02\/groupe.jpg\" alt=\"groupe.jpg\" width=\"600\" height=\"600\"><\/div><div class=\"sc_price_item_info\"><h6 class=\"sc_price_item_subtitle\"><span>Sportivit\u00e9, Convivialit\u00e9 et Partage<\/span><\/h6><h3 class=\"sc_price_item_title\"><span>R\u00e9ception de Groupes<\/span><\/h3><div class=\"sc_price_item_details\"><p class=\"description\">\nLe camp de base id\u00e9al pour vos aventures collectives. <br><strong>Associations, clubs sportifs ou bureaux des \u00e9tudiants<\/strong> : profitez d'une logistique adapt\u00e9e \u00e0 votre nombre. <br><br>Situ\u00e9 au d\u00e9part de nombreux sentiers de randonn\u00e9e et \u00e0 proximit\u00e9 des activit\u00e9s nautiques, notre camping est <strong>l\u2019escale parfaite<\/strong> pour les groupes en qu\u00eate de confort et de simplicit\u00e9 apr\u00e8s une journ\u00e9e d'effort ou de d\u00e9couverte.\n<\/p><\/div><\/div><!-- \/.sc_price_item_info --><\/div><\/div><div class=\"trx_addons_column-1_3\"><div class=\"sc_price_item sc_price_item_default\">\n\t\t\t<div class=\"sc_price_item_image\"><img loading=\"lazy\" decoding=\"async\" src=\"https:\/\/www.campinglapierredelaigle.fr\/wp-content\/uploads\/2026\/02\/team_building.jpg\" alt=\"team_building.jpg\" width=\"600\" height=\"600\"><\/div><div class=\"sc_price_item_info\"><h6 class=\"sc_price_item_subtitle\"><span>L&#039;esprit d&#039;\u00e9quipe au sommet<\/span><\/h6><h3 class=\"sc_price_item_title\"><span>Aventure &amp; Team Building<\/span><\/h3><div class=\"sc_price_item_details\"><p class=\"description\">\nTransformez votre prochain s\u00e9minaire en une v\u00e9ritable <strong>aventure humaine<\/strong>. <br>Loin des salles de r\u00e9union, invitez vos collaborateurs \u00e0 respirer le grand air pour stimuler leur cr\u00e9ativit\u00e9 et renforcer leurs liens. <br> <br>C\u2019est dans un cadre pr\u00e9serv\u00e9, propice \u00e0 la d\u00e9connexion technologique et \u00e0 la reconnexion humaine, que naissent les <strong>meilleures synergies d'entreprise.<\/strong>\n<\/p><\/div><\/div><!-- \/.sc_price_item_info --><\/div><\/div><\/div><\/div><!-- \/.sc_price -->[vc_empty_space height=&#8221;1.6em&#8221; alter_height=&#8221;none&#8221; hide_on_desktop=&#8221;&#8221; hide_on_notebook=&#8221;&#8221; hide_on_tablet=&#8221;&#8221; hide_on_mobile=&#8221;1&#8243;][\/vc_column][\/vc_row][vc_row css=&#8221;.vc_custom_1770731256591{margin-top: 20px !important;}&#8221;][vc_column][vc_cta h2=&#8221;Pour toute informations compl\u00e9mentaires&#8221; txt_align=&#8221;center&#8221; add_button=&#8221;right&#8221; btn_title=&#8221;Email\u2026&#8221; btn_color=&#8221;primary&#8221; btn_link=&#8221;url:https%3A%2F%2Fwww.campinglapierredelaigle.fr%2Fcontact%2F&#8221;]Vous souhaitez en savoir plus, obtenir un devis, pr\u00e9parer un projet, vous pouvez nous contacter par t\u00e9l\u00e9phone ou par email.[\/vc_cta][\/vc_column][\/vc_row]<\/p>\n<\/section>","protected":false},"excerpt":{"rendered":"<p>[vc_row full_width=&#8221;stretch_row&#8221; content_placement=&#8221;middle&#8221; hide_bg_image_on_tablet=&#8221;&#8221; hide_bg_image_on_mobile=&#8221;&#8221; row_delimiter=&#8221;&#8221; hide_on_desktop=&#8221;&#8221; hide_on_notebook=&#8221;&#8221; hide_on_tablet=&#8221;&#8221; hide_on_mobile=&#8221;&#8221; hide_on_frontpage=&#8221;&#8221;][vc_column width=&#8221;1\/2&#8243; hide_bg_image_on_tablet=&#8221;&#8221; hide_bg_image_on_mobile=&#8221;&#8221; icons_position=&#8221;left&#8221; css=&#8221;.vc_custom_1511261197732{padding-right: 4px !important;padding-left: 4px !important;}&#8221;][\/vc_column][vc_column width=&#8221;1\/2&#8243; icons_position=&#8221;left&#8221;][vc_row_inner][vc_column_inner width=&#8221;11\/12&#8243; icons_position=&#8221;left&#8221;][vc_empty_space height=&#8221;3em&#8221; alter_height=&#8221;none&#8221; hide_on_desktop=&#8221;&#8221; hide_on_notebook=&#8221;&#8221; hide_on_tablet=&#8221;&#8221; hide_on_mobile=&#8221;&#8221;][vc_column_text] between lake and mountains&#8230; [\/vc_column_text][vc_empty_space height=&#8221;2.4em&#8221; alter_height=&#8221;none&#8221; hide_on_desktop=&#8221;&#8221; hide_on_notebook=&#8221;&#8221; hide_on_tablet=&#8221;&#8221; hide_on_mobile=&#8221;&#8221;][vc_column_text] We believe that the&hellip;<\/p>\n","protected":false},"author":1,"featured_media":0,"parent":0,"menu_order":0,"comment_status":"closed","ping_status":"closed","template":"","meta":{"footnotes":""},"class_list":["post-2759","page","type-page","status-publish","hentry"],"yoast_head":"<!-- This site is optimized with the Yoast SEO plugin v27.0 - https:\/\/yoast.com\/product\/yoast-seo-wordpress\/ -->\n<title>Events and Groups - Camping Serre-Pon\u00e7on | La Pierre de l&#039;Aigle - Alpes 04<\/title>\n<meta name=\"description\" content=\"Organize your events at Camping La Pierre de l&#039;Aigle: weddings, cousinades, BDE\/CE stays and team building facing Lake Serre-Pon\u00e7on. A unique setting!\" \/>\n<meta name=\"robots\" content=\"index, follow, max-snippet:-1, max-image-preview:large, max-video-preview:-1\" \/>\n<link rel=\"canonical\" href=\"https:\/\/www.campinglapierredelaigle.fr\/en\/events-and-groups\/\" \/>\n<meta property=\"og:locale\" content=\"en_US\" \/>\n<meta property=\"og:type\" content=\"article\" \/>\n<meta property=\"og:title\" content=\"Events and Groups - Camping Serre-Pon\u00e7on | La Pierre de l&#039;Aigle - Alpes 04\" \/>\n<meta property=\"og:description\" content=\"Organize your events at Camping La Pierre de l&#039;Aigle: weddings, cousinades, BDE\/CE stays and team building facing Lake Serre-Pon\u00e7on. A unique setting!\" \/>\n<meta property=\"og:url\" content=\"https:\/\/www.campinglapierredelaigle.fr\/en\/events-and-groups\/\" \/>\n<meta property=\"og:site_name\" content=\"Camping Serre-Pon\u00e7on | La Pierre de l&#039;Aigle - Alpes 04\" \/>\n<meta property=\"article:publisher\" content=\"https:\/\/www.facebook.com\/Lapierredelaigle\/\" \/>\n<meta name=\"twitter:card\" content=\"summary_large_image\" \/>\n<meta name=\"twitter:label1\" content=\"Est. reading time\" \/>\n\t<meta name=\"twitter:data1\" content=\"5 minutes\" \/>\n<script type=\"application\/ld+json\" class=\"yoast-schema-graph\">{\"@context\":\"https:\/\/schema.org\",\"@graph\":[{\"@type\":\"WebPage\",\"@id\":\"https:\/\/www.campinglapierredelaigle.fr\/en\/events-and-groups\/\",\"url\":\"https:\/\/www.campinglapierredelaigle.fr\/en\/events-and-groups\/\",\"name\":\"Events and Groups - Camping Serre-Pon\u00e7on | La Pierre de l&#039;Aigle - Alpes 04\",\"isPartOf\":{\"@id\":\"https:\/\/www.campinglapierredelaigle.fr\/#website\"},\"datePublished\":\"2026-02-17T14:23:17+00:00\",\"description\":\"Organize your events at Camping La Pierre de l'Aigle: weddings, cousinades, BDE\/CE stays and team building facing Lake Serre-Pon\u00e7on. A unique setting!\",\"breadcrumb\":{\"@id\":\"https:\/\/www.campinglapierredelaigle.fr\/en\/events-and-groups\/#breadcrumb\"},\"inLanguage\":\"en-US\",\"potentialAction\":[{\"@type\":\"ReadAction\",\"target\":[\"https:\/\/www.campinglapierredelaigle.fr\/en\/events-and-groups\/\"]}]},{\"@type\":\"BreadcrumbList\",\"@id\":\"https:\/\/www.campinglapierredelaigle.fr\/en\/events-and-groups\/#breadcrumb\",\"itemListElement\":[{\"@type\":\"ListItem\",\"position\":1,\"name\":\"Accueil\",\"item\":\"https:\/\/www.campinglapierredelaigle.fr\/en\/\"},{\"@type\":\"ListItem\",\"position\":2,\"name\":\"Events and Groups\"}]},{\"@type\":\"WebSite\",\"@id\":\"https:\/\/www.campinglapierredelaigle.fr\/#website\",\"url\":\"https:\/\/www.campinglapierredelaigle.fr\/\",\"name\":\"Camping La Pierre de l'Aigle - Proche du lac de Serre Pon\u00e7on - Alpes\",\"description\":\"\",\"publisher\":{\"@id\":\"https:\/\/www.campinglapierredelaigle.fr\/#organization\"},\"potentialAction\":[{\"@type\":\"SearchAction\",\"target\":{\"@type\":\"EntryPoint\",\"urlTemplate\":\"https:\/\/www.campinglapierredelaigle.fr\/?s={search_term_string}\"},\"query-input\":{\"@type\":\"PropertyValueSpecification\",\"valueRequired\":true,\"valueName\":\"search_term_string\"}}],\"inLanguage\":\"en-US\"},{\"@type\":\"Organization\",\"@id\":\"https:\/\/www.campinglapierredelaigle.fr\/#organization\",\"name\":\"Camping La Pierre de l'Aigle - Proche du lac de Serre Pon\u00e7on - Alpes\",\"url\":\"https:\/\/www.campinglapierredelaigle.fr\/\",\"logo\":{\"@type\":\"ImageObject\",\"inLanguage\":\"en-US\",\"@id\":\"https:\/\/www.campinglapierredelaigle.fr\/#\/schema\/logo\/image\/\",\"url\":\"https:\/\/www.campinglapierredelaigle.fr\/wp-content\/uploads\/2023\/04\/cropped-cropped-Logo500.png\",\"contentUrl\":\"https:\/\/www.campinglapierredelaigle.fr\/wp-content\/uploads\/2023\/04\/cropped-cropped-Logo500.png\",\"width\":500,\"height\":199,\"caption\":\"Camping La Pierre de l'Aigle - Proche du lac de Serre Pon\u00e7on - Alpes\"},\"image\":{\"@id\":\"https:\/\/www.campinglapierredelaigle.fr\/#\/schema\/logo\/image\/\"},\"sameAs\":[\"https:\/\/www.facebook.com\/Lapierredelaigle\/\"]}]}<\/script>\n<!-- \/ Yoast SEO plugin. -->","yoast_head_json":{"title":"Events and Groups - Camping Serre-Pon\u00e7on | La Pierre de l&#039;Aigle - Alpes 04","description":"Organize your events at Camping La Pierre de l'Aigle: weddings, cousinades, BDE\/CE stays and team building facing Lake Serre-Pon\u00e7on. A unique setting!","robots":{"index":"index","follow":"follow","max-snippet":"max-snippet:-1","max-image-preview":"max-image-preview:large","max-video-preview":"max-video-preview:-1"},"canonical":"https:\/\/www.campinglapierredelaigle.fr\/en\/events-and-groups\/","og_locale":"en_US","og_type":"article","og_title":"Events and Groups - Camping Serre-Pon\u00e7on | La Pierre de l&#039;Aigle - Alpes 04","og_description":"Organize your events at Camping La Pierre de l'Aigle: weddings, cousinades, BDE\/CE stays and team building facing Lake Serre-Pon\u00e7on. A unique setting!","og_url":"https:\/\/www.campinglapierredelaigle.fr\/en\/events-and-groups\/","og_site_name":"Camping Serre-Pon\u00e7on | La Pierre de l&#039;Aigle - Alpes 04","article_publisher":"https:\/\/www.facebook.com\/Lapierredelaigle\/","twitter_card":"summary_large_image","twitter_misc":{"Est. reading time":"5 minutes"},"schema":{"@context":"https:\/\/schema.org","@graph":[{"@type":"WebPage","@id":"https:\/\/www.campinglapierredelaigle.fr\/en\/events-and-groups\/","url":"https:\/\/www.campinglapierredelaigle.fr\/en\/events-and-groups\/","name":"Events and Groups - Camping Serre-Pon\u00e7on | La Pierre de l&#039;Aigle - Alpes 04","isPartOf":{"@id":"https:\/\/www.campinglapierredelaigle.fr\/#website"},"datePublished":"2026-02-17T14:23:17+00:00","description":"Organize your events at Camping La Pierre de l'Aigle: weddings, cousinades, BDE\/CE stays and team building facing Lake Serre-Pon\u00e7on. A unique setting!","breadcrumb":{"@id":"https:\/\/www.campinglapierredelaigle.fr\/en\/events-and-groups\/#breadcrumb"},"inLanguage":"en-US","potentialAction":[{"@type":"ReadAction","target":["https:\/\/www.campinglapierredelaigle.fr\/en\/events-and-groups\/"]}]},{"@type":"BreadcrumbList","@id":"https:\/\/www.campinglapierredelaigle.fr\/en\/events-and-groups\/#breadcrumb","itemListElement":[{"@type":"ListItem","position":1,"name":"Accueil","item":"https:\/\/www.campinglapierredelaigle.fr\/en\/"},{"@type":"ListItem","position":2,"name":"Events and Groups"}]},{"@type":"WebSite","@id":"https:\/\/www.campinglapierredelaigle.fr\/#website","url":"https:\/\/www.campinglapierredelaigle.fr\/","name":"Camping La Pierre de l'Aigle - Proche du lac de Serre Pon\u00e7on - Alpes","description":"","publisher":{"@id":"https:\/\/www.campinglapierredelaigle.fr\/#organization"},"potentialAction":[{"@type":"SearchAction","target":{"@type":"EntryPoint","urlTemplate":"https:\/\/www.campinglapierredelaigle.fr\/?s={search_term_string}"},"query-input":{"@type":"PropertyValueSpecification","valueRequired":true,"valueName":"search_term_string"}}],"inLanguage":"en-US"},{"@type":"Organization","@id":"https:\/\/www.campinglapierredelaigle.fr\/#organization","name":"Camping La Pierre de l'Aigle - Proche du lac de Serre Pon\u00e7on - Alpes","url":"https:\/\/www.campinglapierredelaigle.fr\/","logo":{"@type":"ImageObject","inLanguage":"en-US","@id":"https:\/\/www.campinglapierredelaigle.fr\/#\/schema\/logo\/image\/","url":"https:\/\/www.campinglapierredelaigle.fr\/wp-content\/uploads\/2023\/04\/cropped-cropped-Logo500.png","contentUrl":"https:\/\/www.campinglapierredelaigle.fr\/wp-content\/uploads\/2023\/04\/cropped-cropped-Logo500.png","width":500,"height":199,"caption":"Camping La Pierre de l'Aigle - Proche du lac de Serre Pon\u00e7on - Alpes"},"image":{"@id":"https:\/\/www.campinglapierredelaigle.fr\/#\/schema\/logo\/image\/"},"sameAs":["https:\/\/www.facebook.com\/Lapierredelaigle\/"]}]}},"_links":{"self":[{"href":"https:\/\/www.campinglapierredelaigle.fr\/en\/wp-json\/wp\/v2\/pages\/2759","targetHints":{"allow":["GET"]}}],"collection":[{"href":"https:\/\/www.campinglapierredelaigle.fr\/en\/wp-json\/wp\/v2\/pages"}],"about":[{"href":"https:\/\/www.campinglapierredelaigle.fr\/en\/wp-json\/wp\/v2\/types\/page"}],"author":[{"embeddable":true,"href":"https:\/\/www.campinglapierredelaigle.fr\/en\/wp-json\/wp\/v2\/users\/1"}],"replies":[{"embeddable":true,"href":"https:\/\/www.campinglapierredelaigle.fr\/en\/wp-json\/wp\/v2\/comments?post=2759"}],"version-history":[{"count":0,"href":"https:\/\/www.campinglapierredelaigle.fr\/en\/wp-json\/wp\/v2\/pages\/2759\/revisions"}],"wp:attachment":[{"href":"https:\/\/www.campinglapierredelaigle.fr\/en\/wp-json\/wp\/v2\/media?parent=2759"}],"curies":[{"name":"wp","href":"https:\/\/api.w.org\/{rel}","templated":true}]}}