{"id":1639,"date":"2018-12-28T12:44:58","date_gmt":"2018-12-28T11:44:58","guid":{"rendered":"https:\/\/www.campinglapierredelaigle.fr\/terms-of-use\/"},"modified":"2024-04-26T15:56:38","modified_gmt":"2024-04-26T13:56:38","slug":"terms-of-use","status":"publish","type":"page","link":"https:\/\/www.campinglapierredelaigle.fr\/en\/terms-of-use\/","title":{"rendered":"Terms of use"},"content":{"rendered":"<section class=\"wpb-content-wrapper\"><p>[vc_row hide_bg_image_on_tablet=&#8221;&#8221; hide_bg_image_on_mobile=&#8221;&#8221; css=&#8221;.vc_custom_1527690588959{background-color: #f7f8f9 !important;}&#8221;][vc_column width=&#8221;2\/3&#8243; icons_position=&#8221;left&#8221;][vc_empty_space height=&#8221;4em&#8221; alter_height=&#8221;none&#8221; hide_on_desktop=&#8221;&#8221; hide_on_notebook=&#8221;&#8221; hide_on_tablet=&#8221;&#8221; hide_on_mobile=&#8221;&#8221;]<div id=\"sc_content_437431773\"\r\n\t\tclass=\"sc_content color_style_default sc_content_default sc_float_center p70\"><div class=\"sc_content_container\">[vc_column_text css_animation=&#8221;fadeIn&#8221;]<\/p>\n<h3>Terms of use<\/h3>\n<p><em>Effective 06\/24\/2023<\/em><\/p>\n<p>&nbsp;<\/p>\n<p>In accordance with the provisions of Articles 6-III and 19 of Law No. 2004-575 of June 21, 2004 for Confidence in the Digital Economy, known as the L.C.E.N., users and visitors, hereinafter referred to as the &#8220;&#8221;, are hereby informed of the following.<strong>User<\/strong>&#8220;on the www.campinglapierredelaigle.fr website, hereinafter referred to as the &#8220;<strong>Website<\/strong>&#8220;These legal notices.<\/p>\n<p>Connection to and browsing of the Site by the User implies full and unreserved acceptance of the present legal notice.<\/p>\n<p>These are available on the Site under the heading &#8221; <strong>Legal information<\/strong> &#8220;.<\/p>\n<p>&nbsp;<\/p>\n<h4>ARTICLE 1 &#8211; THE PUBLISHER<\/h4>\n<p>The Site is published by Camping la Pierre de l&#8217;Aigle sarl with capital of 7622.45 euros, registered with the Registre du Commerce et des Soci\u00e9t\u00e9s de _______________ under number 413195314, whose registered office is at La Rouvi\u00e8re Basse 04340 LA BREOLE,<\/p>\n<p>Phone number 0670393035,<\/p>\n<p>E-mail address: chaletscampinglapierredelaigle@gmail.com.<\/p>\n<p>VAT number : _______________<\/p>\n<p>The Publishing Director is Mr REYNAUD Luc<\/p>\n<p>hereinafter the<strong>&#8220;Publisher<\/strong>&#8220;.<\/p>\n<h4>ARTICLE 2 &#8211; THE HOST<\/h4>\n<p>The Site&#8217;s host is ovh, whose head office is located at 2 rue Kellermann &#8211; 59100 Roubaix &#8211; France.<\/p>\n<h4>ARTICLE 3 &#8211; ACCESS TO THE SITE<\/h4>\n<p>The Site is accessible at all times, 7 days a week, 24 hours a day, except in the event of force majeure, scheduled or unscheduled interruption, or where maintenance is required.<\/p>\n<p>In the event of modification, interruption or suspension of the Site, the Editor cannot be held responsible.<\/p>\n<h4>ARTICLE 4 &#8211; DATA COLLECTION<\/h4>\n<p>The Site ensures that the User&#8217;s personal information is collected and processed in compliance with the French Data Protection Act no. 78-17 of January 6, 1978.<\/p>\n<p>In accordance with the French Data Protection Act of January 6, 1978, Users have the right to access, rectify, delete and oppose their personal data. The User exercises this right :<\/p>\n<ul>\n<li>by e-mail to chaletscampinglapierredelaigle@gmail.com<\/li>\n<\/ul>\n<p>Any use, reproduction, distribution, marketing or modification of all or part of the Site without the Publisher&#8217;s authorization is prohibited and may result in legal action and prosecution as provided for in the French Intellectual Property Code and the French Civil Code.<\/p>\n<p>&nbsp;<\/p>\n<p>[\/vc_column_text]<\/div><\/div><!-- \/.sc_content -->[vc_empty_space height=&#8221;4em&#8221; alter_height=&#8221;none&#8221; hide_on_desktop=&#8221;&#8221; hide_on_notebook=&#8221;&#8221; hide_on_tablet=&#8221;&#8221; hide_on_mobile=&#8221;&#8221;][\/vc_column][vc_column width=&#8221;1\/3&#8243;][\/vc_column][\/vc_row][vc_row][vc_column icons_position=&#8221;left&#8221;][vc_empty_space height=&#8221;8em&#8221; alter_height=&#8221;none&#8221; hide_on_desktop=&#8221;&#8221; hide_on_notebook=&#8221;&#8221; hide_on_tablet=&#8221;&#8221; hide_on_mobile=&#8221;&#8221;][\/vc_column][\/vc_row]<\/p>\n<\/section>","protected":false},"excerpt":{"rendered":"<p>[vc_row hide_bg_image_on_tablet=&#8221;&#8221; hide_bg_image_on_mobile=&#8221;&#8221; css=&#8221;.vc_custom_1527690588959{background-color: #f7f8f9 !important;}&#8221;][vc_column width=&#8221;2\/3&#8243; icons_position=&#8221;left&#8221;][vc_empty_space height=&#8221;4em&#8221; alter_height=&#8221;none&#8221; hide_on_desktop=&#8221;&#8221; hide_on_notebook=&#8221;&#8221; hide_on_tablet=&#8221;&#8221; hide_on_mobile=&#8221;&#8221;][vc_empty_space height=&#8221;4em&#8221; alter_height=&#8221;none&#8221; hide_on_desktop=&#8221;&#8221; hide_on_notebook=&#8221;&#8221; hide_on_tablet=&#8221;&#8221; hide_on_mobile=&#8221;&#8221;][\/vc_column][vc_column width=&#8221;1\/3&#8243;][\/vc_column][\/vc_row][vc_row][vc_column icons_position=&#8221;left&#8221;][vc_empty_space height=&#8221;8em&#8221; alter_height=&#8221;none&#8221; hide_on_desktop=&#8221;&#8221; hide_on_notebook=&#8221;&#8221; hide_on_tablet=&#8221;&#8221; hide_on_mobile=&#8221;&#8221;][\/vc_column][\/vc_row]<\/p>\n","protected":false},"author":1,"featured_media":0,"parent":0,"menu_order":0,"comment_status":"closed","ping_status":"closed","template":"","meta":{"footnotes":""},"class_list":["post-1639","page","type-page","status-publish","hentry"],"yoast_head":"<!-- This site is optimized with the Yoast SEO plugin v27.0 - https:\/\/yoast.com\/product\/yoast-seo-wordpress\/ -->\n<title>Terms of use - Camping Serre-Pon\u00e7on | La Pierre de l&#039;Aigle - Alpes 04<\/title>\n<meta name=\"robots\" content=\"index, follow, max-snippet:-1, max-image-preview:large, max-video-preview:-1\" \/>\n<link rel=\"canonical\" href=\"https:\/\/www.campinglapierredelaigle.fr\/en\/?page_id=1639\" \/>\n<meta property=\"og:locale\" content=\"en_US\" \/>\n<meta property=\"og:type\" content=\"article\" \/>\n<meta property=\"og:title\" content=\"Terms of use - Camping Serre-Pon\u00e7on | La Pierre de l&#039;Aigle - Alpes 04\" \/>\n<meta property=\"og:description\" content=\"[vc_row hide_bg_image_on_tablet=&#8221;&#8221; hide_bg_image_on_mobile=&#8221;&#8221; css=&#8221;.vc_custom_1527690588959{background-color: #f7f8f9 !important;}&#8221;][vc_column width=&#8221;2\/3&#8243; icons_position=&#8221;left&#8221;][vc_empty_space height=&#8221;4em&#8221; alter_height=&#8221;none&#8221; hide_on_desktop=&#8221;&#8221; hide_on_notebook=&#8221;&#8221; hide_on_tablet=&#8221;&#8221; hide_on_mobile=&#8221;&#8221;][vc_empty_space height=&#8221;4em&#8221; alter_height=&#8221;none&#8221; hide_on_desktop=&#8221;&#8221; hide_on_notebook=&#8221;&#8221; hide_on_tablet=&#8221;&#8221; hide_on_mobile=&#8221;&#8221;][\/vc_column][vc_column width=&#8221;1\/3&#8243;][\/vc_column][\/vc_row][vc_row][vc_column icons_position=&#8221;left&#8221;][vc_empty_space height=&#8221;8em&#8221; alter_height=&#8221;none&#8221; hide_on_desktop=&#8221;&#8221; hide_on_notebook=&#8221;&#8221; hide_on_tablet=&#8221;&#8221; hide_on_mobile=&#8221;&#8221;][\/vc_column][\/vc_row]\" \/>\n<meta property=\"og:url\" content=\"https:\/\/www.campinglapierredelaigle.fr\/en\/?page_id=1639\" \/>\n<meta property=\"og:site_name\" content=\"Camping Serre-Pon\u00e7on | La Pierre de l&#039;Aigle - Alpes 04\" \/>\n<meta property=\"article:publisher\" content=\"https:\/\/www.facebook.com\/Lapierredelaigle\/\" \/>\n<meta property=\"article:modified_time\" content=\"2024-04-26T13:56:38+00:00\" \/>\n<meta name=\"twitter:card\" content=\"summary_large_image\" \/>\n<meta name=\"twitter:label1\" content=\"Est. reading time\" \/>\n\t<meta name=\"twitter:data1\" content=\"2 minutes\" \/>\n<script type=\"application\/ld+json\" class=\"yoast-schema-graph\">{\"@context\":\"https:\/\/schema.org\",\"@graph\":[{\"@type\":\"WebPage\",\"@id\":\"https:\/\/www.campinglapierredelaigle.fr\/en\/?page_id=1639\",\"url\":\"https:\/\/www.campinglapierredelaigle.fr\/en\/?page_id=1639\",\"name\":\"Terms of use - Camping Serre-Pon\u00e7on | La Pierre de l&#039;Aigle - Alpes 04\",\"isPartOf\":{\"@id\":\"https:\/\/www.campinglapierredelaigle.fr\/#website\"},\"datePublished\":\"2018-12-28T11:44:58+00:00\",\"dateModified\":\"2024-04-26T13:56:38+00:00\",\"breadcrumb\":{\"@id\":\"https:\/\/www.campinglapierredelaigle.fr\/en\/?page_id=1639#breadcrumb\"},\"inLanguage\":\"en-US\",\"potentialAction\":[{\"@type\":\"ReadAction\",\"target\":[\"https:\/\/www.campinglapierredelaigle.fr\/en\/?page_id=1639\"]}]},{\"@type\":\"BreadcrumbList\",\"@id\":\"https:\/\/www.campinglapierredelaigle.fr\/en\/?page_id=1639#breadcrumb\",\"itemListElement\":[{\"@type\":\"ListItem\",\"position\":1,\"name\":\"Accueil\",\"item\":\"https:\/\/www.campinglapierredelaigle.fr\/en\/\"},{\"@type\":\"ListItem\",\"position\":2,\"name\":\"Terms of use\"}]},{\"@type\":\"WebSite\",\"@id\":\"https:\/\/www.campinglapierredelaigle.fr\/#website\",\"url\":\"https:\/\/www.campinglapierredelaigle.fr\/\",\"name\":\"Camping La Pierre de l'Aigle - Proche du lac de Serre Pon\u00e7on - Alpes\",\"description\":\"\",\"publisher\":{\"@id\":\"https:\/\/www.campinglapierredelaigle.fr\/#organization\"},\"potentialAction\":[{\"@type\":\"SearchAction\",\"target\":{\"@type\":\"EntryPoint\",\"urlTemplate\":\"https:\/\/www.campinglapierredelaigle.fr\/?s={search_term_string}\"},\"query-input\":{\"@type\":\"PropertyValueSpecification\",\"valueRequired\":true,\"valueName\":\"search_term_string\"}}],\"inLanguage\":\"en-US\"},{\"@type\":\"Organization\",\"@id\":\"https:\/\/www.campinglapierredelaigle.fr\/#organization\",\"name\":\"Camping La Pierre de l'Aigle - Proche du lac de Serre Pon\u00e7on - Alpes\",\"url\":\"https:\/\/www.campinglapierredelaigle.fr\/\",\"logo\":{\"@type\":\"ImageObject\",\"inLanguage\":\"en-US\",\"@id\":\"https:\/\/www.campinglapierredelaigle.fr\/#\/schema\/logo\/image\/\",\"url\":\"https:\/\/www.campinglapierredelaigle.fr\/wp-content\/uploads\/2023\/04\/cropped-cropped-Logo500.png\",\"contentUrl\":\"https:\/\/www.campinglapierredelaigle.fr\/wp-content\/uploads\/2023\/04\/cropped-cropped-Logo500.png\",\"width\":500,\"height\":199,\"caption\":\"Camping La Pierre de l'Aigle - Proche du lac de Serre Pon\u00e7on - Alpes\"},\"image\":{\"@id\":\"https:\/\/www.campinglapierredelaigle.fr\/#\/schema\/logo\/image\/\"},\"sameAs\":[\"https:\/\/www.facebook.com\/Lapierredelaigle\/\"]}]}<\/script>\n<!-- \/ Yoast SEO plugin. -->","yoast_head_json":{"title":"Terms of use - Camping Serre-Pon\u00e7on | La Pierre de l&#039;Aigle - Alpes 04","robots":{"index":"index","follow":"follow","max-snippet":"max-snippet:-1","max-image-preview":"max-image-preview:large","max-video-preview":"max-video-preview:-1"},"canonical":"https:\/\/www.campinglapierredelaigle.fr\/en\/?page_id=1639","og_locale":"en_US","og_type":"article","og_title":"Terms of use - Camping Serre-Pon\u00e7on | La Pierre de l&#039;Aigle - Alpes 04","og_description":"[vc_row hide_bg_image_on_tablet=&#8221;&#8221; hide_bg_image_on_mobile=&#8221;&#8221; css=&#8221;.vc_custom_1527690588959{background-color: #f7f8f9 !important;}&#8221;][vc_column width=&#8221;2\/3&#8243; icons_position=&#8221;left&#8221;][vc_empty_space height=&#8221;4em&#8221; alter_height=&#8221;none&#8221; hide_on_desktop=&#8221;&#8221; hide_on_notebook=&#8221;&#8221; hide_on_tablet=&#8221;&#8221; hide_on_mobile=&#8221;&#8221;][vc_empty_space height=&#8221;4em&#8221; alter_height=&#8221;none&#8221; hide_on_desktop=&#8221;&#8221; hide_on_notebook=&#8221;&#8221; hide_on_tablet=&#8221;&#8221; hide_on_mobile=&#8221;&#8221;][\/vc_column][vc_column width=&#8221;1\/3&#8243;][\/vc_column][\/vc_row][vc_row][vc_column icons_position=&#8221;left&#8221;][vc_empty_space height=&#8221;8em&#8221; alter_height=&#8221;none&#8221; hide_on_desktop=&#8221;&#8221; hide_on_notebook=&#8221;&#8221; hide_on_tablet=&#8221;&#8221; hide_on_mobile=&#8221;&#8221;][\/vc_column][\/vc_row]","og_url":"https:\/\/www.campinglapierredelaigle.fr\/en\/?page_id=1639","og_site_name":"Camping Serre-Pon\u00e7on | La Pierre de l&#039;Aigle - Alpes 04","article_publisher":"https:\/\/www.facebook.com\/Lapierredelaigle\/","article_modified_time":"2024-04-26T13:56:38+00:00","twitter_card":"summary_large_image","twitter_misc":{"Est. reading time":"2 minutes"},"schema":{"@context":"https:\/\/schema.org","@graph":[{"@type":"WebPage","@id":"https:\/\/www.campinglapierredelaigle.fr\/en\/?page_id=1639","url":"https:\/\/www.campinglapierredelaigle.fr\/en\/?page_id=1639","name":"Terms of use - Camping Serre-Pon\u00e7on | La Pierre de l&#039;Aigle - Alpes 04","isPartOf":{"@id":"https:\/\/www.campinglapierredelaigle.fr\/#website"},"datePublished":"2018-12-28T11:44:58+00:00","dateModified":"2024-04-26T13:56:38+00:00","breadcrumb":{"@id":"https:\/\/www.campinglapierredelaigle.fr\/en\/?page_id=1639#breadcrumb"},"inLanguage":"en-US","potentialAction":[{"@type":"ReadAction","target":["https:\/\/www.campinglapierredelaigle.fr\/en\/?page_id=1639"]}]},{"@type":"BreadcrumbList","@id":"https:\/\/www.campinglapierredelaigle.fr\/en\/?page_id=1639#breadcrumb","itemListElement":[{"@type":"ListItem","position":1,"name":"Accueil","item":"https:\/\/www.campinglapierredelaigle.fr\/en\/"},{"@type":"ListItem","position":2,"name":"Terms of use"}]},{"@type":"WebSite","@id":"https:\/\/www.campinglapierredelaigle.fr\/#website","url":"https:\/\/www.campinglapierredelaigle.fr\/","name":"Camping La Pierre de l'Aigle - Proche du lac de Serre Pon\u00e7on - Alpes","description":"","publisher":{"@id":"https:\/\/www.campinglapierredelaigle.fr\/#organization"},"potentialAction":[{"@type":"SearchAction","target":{"@type":"EntryPoint","urlTemplate":"https:\/\/www.campinglapierredelaigle.fr\/?s={search_term_string}"},"query-input":{"@type":"PropertyValueSpecification","valueRequired":true,"valueName":"search_term_string"}}],"inLanguage":"en-US"},{"@type":"Organization","@id":"https:\/\/www.campinglapierredelaigle.fr\/#organization","name":"Camping La Pierre de l'Aigle - Proche du lac de Serre Pon\u00e7on - Alpes","url":"https:\/\/www.campinglapierredelaigle.fr\/","logo":{"@type":"ImageObject","inLanguage":"en-US","@id":"https:\/\/www.campinglapierredelaigle.fr\/#\/schema\/logo\/image\/","url":"https:\/\/www.campinglapierredelaigle.fr\/wp-content\/uploads\/2023\/04\/cropped-cropped-Logo500.png","contentUrl":"https:\/\/www.campinglapierredelaigle.fr\/wp-content\/uploads\/2023\/04\/cropped-cropped-Logo500.png","width":500,"height":199,"caption":"Camping La Pierre de l'Aigle - Proche du lac de Serre Pon\u00e7on - Alpes"},"image":{"@id":"https:\/\/www.campinglapierredelaigle.fr\/#\/schema\/logo\/image\/"},"sameAs":["https:\/\/www.facebook.com\/Lapierredelaigle\/"]}]}},"_links":{"self":[{"href":"https:\/\/www.campinglapierredelaigle.fr\/en\/wp-json\/wp\/v2\/pages\/1639","targetHints":{"allow":["GET"]}}],"collection":[{"href":"https:\/\/www.campinglapierredelaigle.fr\/en\/wp-json\/wp\/v2\/pages"}],"about":[{"href":"https:\/\/www.campinglapierredelaigle.fr\/en\/wp-json\/wp\/v2\/types\/page"}],"author":[{"embeddable":true,"href":"https:\/\/www.campinglapierredelaigle.fr\/en\/wp-json\/wp\/v2\/users\/1"}],"replies":[{"embeddable":true,"href":"https:\/\/www.campinglapierredelaigle.fr\/en\/wp-json\/wp\/v2\/comments?post=1639"}],"version-history":[{"count":3,"href":"https:\/\/www.campinglapierredelaigle.fr\/en\/wp-json\/wp\/v2\/pages\/1639\/revisions"}],"predecessor-version":[{"id":1647,"href":"https:\/\/www.campinglapierredelaigle.fr\/en\/wp-json\/wp\/v2\/pages\/1639\/revisions\/1647"}],"wp:attachment":[{"href":"https:\/\/www.campinglapierredelaigle.fr\/en\/wp-json\/wp\/v2\/media?parent=1639"}],"curies":[{"name":"wp","href":"https:\/\/api.w.org\/{rel}","templated":true}]}}